{"id":93,"date":"2022-10-29T19:12:33","date_gmt":"2022-10-29T19:12:33","guid":{"rendered":"https:\/\/ccburgos.com\/index.php\/services\/"},"modified":"2025-09-18T19:00:54","modified_gmt":"2025-09-18T19:00:54","slug":"servicios","status":"publish","type":"page","link":"https:\/\/centroelbiencomun.com\/index.php\/servicios\/","title":{"rendered":"Servicios"},"content":{"rendered":"\t\t<div data-elementor-type=\"wp-page\" data-elementor-id=\"93\" class=\"elementor elementor-93\" data-elementor-post-type=\"page\">\n\t\t\t\t\t\t<section class=\"elementor-section elementor-top-section elementor-element elementor-element-1f09fcde elementor-section-full_width elementor-section-height-min-height elementor-section-items-stretch elementor-section-content-middle elementor-section-height-default\" data-id=\"1f09fcde\" data-element_type=\"section\">\n\t\t\t\t\t\t<div class=\"elementor-container elementor-column-gap-no\">\n\t\t\t\t\t<div class=\"elementor-column elementor-col-50 elementor-top-column elementor-element elementor-element-687bea85\" data-id=\"687bea85\" data-element_type=\"column\" data-settings=\"{&quot;background_background&quot;:&quot;classic&quot;}\">\n\t\t\t<div class=\"elementor-widget-wrap elementor-element-populated\">\n\t\t\t\t\t\t<div class=\"elementor-element elementor-element-783d9988 elementor-widget elementor-widget-spacer\" data-id=\"783d9988\" data-element_type=\"widget\" data-widget_type=\"spacer.default\">\n\t\t\t\t<div class=\"elementor-widget-container\">\n\t\t\t\t\t\t\t<div class=\"elementor-spacer\">\n\t\t\t<div class=\"elementor-spacer-inner\"><\/div>\n\t\t<\/div>\n\t\t\t\t\t\t<\/div>\n\t\t\t\t<\/div>\n\t\t\t\t\t<\/div>\n\t\t<\/div>\n\t\t\t\t<div class=\"elementor-column elementor-col-50 elementor-top-column elementor-element elementor-element-2d6d46df\" data-id=\"2d6d46df\" data-element_type=\"column\">\n\t\t\t<div class=\"elementor-widget-wrap elementor-element-populated\">\n\t\t\t\t\t\t<div class=\"elementor-element elementor-element-17b6f60c elementor-widget elementor-widget-heading\" data-id=\"17b6f60c\" data-element_type=\"widget\" data-widget_type=\"heading.default\">\n\t\t\t\t<div class=\"elementor-widget-container\">\n\t\t\t\t\t<h1 class=\"elementor-heading-title elementor-size-default\">Servicios ofrecidos<\/h1>\t\t\t\t<\/div>\n\t\t\t\t<\/div>\n\t\t\t\t<div class=\"elementor-element elementor-element-649779b3 elementor-widget elementor-widget-text-editor\" data-id=\"649779b3\" data-element_type=\"widget\" data-widget_type=\"text-editor.default\">\n\t\t\t\t<div class=\"elementor-widget-container\">\n\t\t\t\t\t\t\t\t\t<p>\u00c1reas de intervenci\u00f3n<\/p>\t\t\t\t\t\t\t\t<\/div>\n\t\t\t\t<\/div>\n\t\t\t\t\t<\/div>\n\t\t<\/div>\n\t\t\t\t\t<\/div>\n\t\t<\/section>\n\t\t\t\t<section class=\"elementor-section elementor-top-section elementor-element elementor-element-3c4103cc elementor-section-full_width elementor-section-height-default elementor-section-height-default\" data-id=\"3c4103cc\" data-element_type=\"section\">\n\t\t\t\t\t\t<div class=\"elementor-container elementor-column-gap-no\">\n\t\t\t\t\t<div class=\"elementor-column elementor-col-100 elementor-top-column elementor-element elementor-element-540f4220\" data-id=\"540f4220\" data-element_type=\"column\">\n\t\t\t<div class=\"elementor-widget-wrap elementor-element-populated\">\n\t\t\t\t\t\t<div class=\"elementor-element elementor-element-5bc6bd83 elementor-cta--layout-image-right elementor-cta--valign-middle elementor-cta--mobile-layout-image-above elementor-cta--skin-classic elementor-animated-content elementor-bg-transform elementor-bg-transform-zoom-in elementor-widget elementor-widget-call-to-action\" data-id=\"5bc6bd83\" data-element_type=\"widget\" id=\"civil\" data-widget_type=\"call-to-action.default\">\n\t\t\t\t<div class=\"elementor-widget-container\">\n\t\t\t\t\t\t\t<div class=\"elementor-cta\">\n\t\t\t\t\t<div class=\"elementor-cta__bg-wrapper\">\n\t\t\t\t<div class=\"elementor-cta__bg elementor-bg\" style=\"background-image: url(https:\/\/centroelbiencomun.com\/wp-content\/uploads\/2025\/09\/conciliacion-815.webp);\" role=\"img\" aria-label=\"conciliaci\u00f3n 815\"><\/div>\n\t\t\t\t<div class=\"elementor-cta__bg-overlay\"><\/div>\n\t\t\t<\/div>\n\t\t\t\t\t\t\t<div class=\"elementor-cta__content\">\n\t\t\t\t\n\t\t\t\t\t\t\t\t\t<h4 class=\"elementor-cta__title elementor-cta__content-item elementor-content-item\">\n\t\t\t\t\t\tCivil y mercantil\t\t\t\t\t<\/h4>\n\t\t\t\t\n\t\t\t\t\t\t\t\t\t<div class=\"elementor-cta__description elementor-cta__content-item elementor-content-item\">\n\t\t\t\t\t\t<b>\u2713<\/b> Resoluci\u00f3n de contrato<br>\n<b>\u2713<\/b> Incumplimiento de contrato<br>\n<b>\u2713<\/b> Otorgamiento de escritura <br>p\u00fablica <br>\n<b>\u2713<\/b> Rectificaci\u00f3n de \u00e1reas y linderos<br>\n<b>\u2713<\/b> Ofrecimiento de pago <br>\n<b>\u2713<\/b> Desalojo <br>\n<b>\u2713<\/b> Divisi\u00f3n y partici\u00f3n de bienes <br>\n<b>\u2713<\/b> Indemnizaci\u00f3n por da\u00f1os y perjuicios<br>\n<b>\u2713<\/b> Retracto<br>\n<b>\u2713<\/b> Petici\u00f3n de herencia<br>\n<b>\u2713<\/b> Interdicto de retener y recobrar <br>\n<b>\u2713<\/b> Obligaci\u00f3n de dar suma de dinero<br>\n<b>\u2713<\/b> Obligaci\u00f3n de dar, hacer y no hacer<br>\n<b>\u2713<\/b> Pago de alquileres\t\t\t\t\t<\/div>\n\t\t\t\t\n\t\t\t\t\t\t\t<\/div>\n\t\t\t\t\t\t<\/div>\n\t\t\t\t\t\t<\/div>\n\t\t\t\t<\/div>\n\t\t\t\t<div class=\"elementor-element elementor-element-5b69557e elementor-cta--layout-image-left elementor-cta--valign-middle elementor-cta--mobile-layout-image-above elementor-cta--skin-classic elementor-animated-content elementor-bg-transform elementor-bg-transform-zoom-in elementor-widget elementor-widget-call-to-action\" data-id=\"5b69557e\" data-element_type=\"widget\" id=\"familia\" data-widget_type=\"call-to-action.default\">\n\t\t\t\t<div class=\"elementor-widget-container\">\n\t\t\t\t\t\t\t<div class=\"elementor-cta\">\n\t\t\t\t\t<div class=\"elementor-cta__bg-wrapper\">\n\t\t\t\t<div class=\"elementor-cta__bg elementor-bg\" style=\"background-image: url(https:\/\/centroelbiencomun.com\/wp-content\/uploads\/2025\/09\/conciliacion-816.webp);\" role=\"img\" aria-label=\"conciliaci\u00f3n 816\"><\/div>\n\t\t\t\t<div class=\"elementor-cta__bg-overlay\"><\/div>\n\t\t\t<\/div>\n\t\t\t\t\t\t\t<div class=\"elementor-cta__content\">\n\t\t\t\t\n\t\t\t\t\t\t\t\t\t<h4 class=\"elementor-cta__title elementor-cta__content-item elementor-content-item\">\n\t\t\t\t\t\tFamilia\t\t\t\t\t<\/h4>\n\t\t\t\t\n\t\t\t\t\t\t\t\t\t<div class=\"elementor-cta__description elementor-cta__content-item elementor-content-item\">\n\t\t\t\t\t\t<b>\u2713<\/b> Pensi\u00f3n de alimentos a favor de los hijos y el conviviente <br>\n<b>\u2713<\/b> Reducci\u00f3n o aumento de pensi\u00f3n de   alimentos <br>\n<b>\u2713<\/b> Exoneraci\u00f3n de alimentos de mayor de edad <br>\n<b>\u2713<\/b> Prorrateo de alimentos <br>\n<b>\u2713<\/b> Variaci\u00f3n de tenencia <br>\n<b>\u2713<\/b> Tenencia  y r\u00e9gimen de visitas <br> \n<b>\u2713<\/b> Tenencia y r\u00e9gimen de visitas a favor de un menor extranjero domiciliado en  Per\u00fa <br>\n<b>\u2713<\/b> Otros derechos que versen de la Familia\t\t\t\t\t<\/div>\n\t\t\t\t\n\t\t\t\t\t\t\t<\/div>\n\t\t\t\t\t\t<\/div>\n\t\t\t\t\t\t<\/div>\n\t\t\t\t<\/div>\n\t\t\t\t<div class=\"elementor-element elementor-element-23e5f2b5 elementor-cta--layout-image-right elementor-cta--valign-middle elementor-cta--mobile-layout-image-above elementor-cta--skin-classic elementor-animated-content elementor-bg-transform elementor-bg-transform-zoom-in elementor-widget elementor-widget-call-to-action\" data-id=\"23e5f2b5\" data-element_type=\"widget\" id=\"estado\" data-widget_type=\"call-to-action.default\">\n\t\t\t\t<div class=\"elementor-widget-container\">\n\t\t\t\t\t\t\t<div class=\"elementor-cta\">\n\t\t\t\t\t<div class=\"elementor-cta__bg-wrapper\">\n\t\t\t\t<div class=\"elementor-cta__bg elementor-bg\" style=\"background-image: url(https:\/\/centroelbiencomun.com\/wp-content\/uploads\/2025\/09\/conciliacion-818.webp);\" role=\"img\" aria-label=\"conciliaci\u00f3n 818\"><\/div>\n\t\t\t\t<div class=\"elementor-cta__bg-overlay\"><\/div>\n\t\t\t<\/div>\n\t\t\t\t\t\t\t<div class=\"elementor-cta__content\">\n\t\t\t\t\n\t\t\t\t\t\t\t\t\t<h4 class=\"elementor-cta__title elementor-cta__content-item elementor-content-item\">\n\t\t\t\t\t\tGobierno y estado\t\t\t\t\t<\/h4>\n\t\t\t\t\n\t\t\t\t\t\t\t\t\t<div class=\"elementor-cta__description elementor-cta__content-item elementor-content-item\">\n\t\t\t\t\t\t<b>\u2713<\/b> Resoluci\u00f3n de contrato <br>\n<b>\u2713<\/b> Ampliaci\u00f3n de plazo contractual <br>\n<b>\u2713<\/b> Recepci\u00f3n y conformidad <br>\n<b>\u2713<\/b> Valorizaci\u00f3n o metrados <br>\n<b>\u2713<\/b> Liquidaci\u00f3n de contratos <br>\n<b>\u2713<\/b> Obligaciones posteriores al pago <br>\n<b>\u2713<\/b> Pagos <br>\n<b>\u2713<\/b> Resarcimiento de da\u00f1os y perjuicios <br>\n<b>\u2713<\/b> Y otros conflictos entre el estado y proveedores de bienes y servicios\t\t\t\t\t<\/div>\n\t\t\t\t\n\t\t\t\t\t\t\t<\/div>\n\t\t\t\t\t\t<\/div>\n\t\t\t\t\t\t<\/div>\n\t\t\t\t<\/div>\n\t\t\t\t\t<\/div>\n\t\t<\/div>\n\t\t\t\t\t<\/div>\n\t\t<\/section>\n\t\t\t\t<\/div>\n\t\t","protected":false},"excerpt":{"rendered":"<p>Servicios ofrecidos \u00c1reas de intervenci\u00f3n Civil y mercantil \u2713 Resoluci\u00f3n de contrato \u2713 Incumplimiento de contrato \u2713 Otorgamiento de escritura p\u00fablica \u2713 Rectificaci\u00f3n de \u00e1reas y linderos \u2713 Ofrecimiento de pago \u2713 Desalojo \u2713 Divisi\u00f3n y partici\u00f3n de bienes \u2713 Indemnizaci\u00f3n por da\u00f1os y perjuicios \u2713 Retracto \u2713 Petici\u00f3n de herencia \u2713 Interdicto de retener [&hellip;]<\/p>\n","protected":false},"author":1,"featured_media":0,"parent":0,"menu_order":0,"comment_status":"closed","ping_status":"closed","template":"elementor_header_footer","meta":{"footnotes":""},"class_list":["post-93","page","type-page","status-publish","hentry"],"yoast_head":"<!-- This site is optimized with the Yoast SEO plugin v19.9 - https:\/\/yoast.com\/wordpress\/plugins\/seo\/ -->\n<title>Servicios - Centro de Conciliaci\u00f3n<\/title>\n<meta name=\"robots\" content=\"noindex, follow, max-snippet:-1, max-image-preview:large, max-video-preview:-1\" \/>\n<meta property=\"og:locale\" content=\"es_ES\" \/>\n<meta property=\"og:type\" content=\"article\" \/>\n<meta property=\"og:title\" content=\"Servicios - Centro de Conciliaci\u00f3n\" \/>\n<meta property=\"og:description\" content=\"Servicios ofrecidos \u00c1reas de intervenci\u00f3n Civil y mercantil \u2713 Resoluci\u00f3n de contrato \u2713 Incumplimiento de contrato \u2713 Otorgamiento de escritura p\u00fablica \u2713 Rectificaci\u00f3n de \u00e1reas y linderos \u2713 Ofrecimiento de pago \u2713 Desalojo \u2713 Divisi\u00f3n y partici\u00f3n de bienes \u2713 Indemnizaci\u00f3n por da\u00f1os y perjuicios \u2713 Retracto \u2713 Petici\u00f3n de herencia \u2713 Interdicto de retener [&hellip;]\" \/>\n<meta property=\"og:url\" content=\"https:\/\/centroelbiencomun.com\/index.php\/servicios\/\" \/>\n<meta property=\"og:site_name\" content=\"Centro de Conciliaci\u00f3n\" \/>\n<meta property=\"article:modified_time\" content=\"2025-09-18T19:00:54+00:00\" \/>\n<meta name=\"twitter:card\" content=\"summary_large_image\" \/>\n<meta name=\"twitter:label1\" content=\"Tiempo de lectura\" \/>\n\t<meta name=\"twitter:data1\" content=\"1 minuto\" \/>\n<script type=\"application\/ld+json\" class=\"yoast-schema-graph\">{\"@context\":\"https:\/\/schema.org\",\"@graph\":[{\"@type\":\"WebPage\",\"@id\":\"https:\/\/centroelbiencomun.com\/index.php\/servicios\/\",\"url\":\"https:\/\/centroelbiencomun.com\/index.php\/servicios\/\",\"name\":\"Servicios - Centro de Conciliaci\u00f3n\",\"isPartOf\":{\"@id\":\"https:\/\/centroelbiencomun.com\/#website\"},\"datePublished\":\"2022-10-29T19:12:33+00:00\",\"dateModified\":\"2025-09-18T19:00:54+00:00\",\"breadcrumb\":{\"@id\":\"https:\/\/centroelbiencomun.com\/index.php\/servicios\/#breadcrumb\"},\"inLanguage\":\"es\",\"potentialAction\":[{\"@type\":\"ReadAction\",\"target\":[\"https:\/\/centroelbiencomun.com\/index.php\/servicios\/\"]}]},{\"@type\":\"BreadcrumbList\",\"@id\":\"https:\/\/centroelbiencomun.com\/index.php\/servicios\/#breadcrumb\",\"itemListElement\":[{\"@type\":\"ListItem\",\"position\":1,\"name\":\"Portada\",\"item\":\"https:\/\/centroelbiencomun.com\/\"},{\"@type\":\"ListItem\",\"position\":2,\"name\":\"Servicios\"}]},{\"@type\":\"WebSite\",\"@id\":\"https:\/\/centroelbiencomun.com\/#website\",\"url\":\"https:\/\/centroelbiencomun.com\/\",\"name\":\"Centro de Conciliaci\u00f3n\",\"description\":\"El Bien Com\u00fan\",\"publisher\":{\"@id\":\"https:\/\/centroelbiencomun.com\/#organization\"},\"potentialAction\":[{\"@type\":\"SearchAction\",\"target\":{\"@type\":\"EntryPoint\",\"urlTemplate\":\"https:\/\/centroelbiencomun.com\/?s={search_term_string}\"},\"query-input\":\"required name=search_term_string\"}],\"inLanguage\":\"es\"},{\"@type\":\"Organization\",\"@id\":\"https:\/\/centroelbiencomun.com\/#organization\",\"name\":\"Centro de Conciliaci\u00f3n\",\"url\":\"https:\/\/centroelbiencomun.com\/\",\"logo\":{\"@type\":\"ImageObject\",\"inLanguage\":\"es\",\"@id\":\"https:\/\/centroelbiencomun.com\/#\/schema\/logo\/image\/\",\"url\":\"https:\/\/centroelbiencomun.com\/wp-content\/uploads\/2025\/06\/logotipo-elbiencomun.webp\",\"contentUrl\":\"https:\/\/centroelbiencomun.com\/wp-content\/uploads\/2025\/06\/logotipo-elbiencomun.webp\",\"width\":514,\"height\":514,\"caption\":\"Centro de Conciliaci\u00f3n\"},\"image\":{\"@id\":\"https:\/\/centroelbiencomun.com\/#\/schema\/logo\/image\/\"}}]}<\/script>\n<!-- \/ Yoast SEO plugin. -->","yoast_head_json":{"title":"Servicios - Centro de Conciliaci\u00f3n","robots":{"index":"noindex","follow":"follow","max-snippet":"max-snippet:-1","max-image-preview":"max-image-preview:large","max-video-preview":"max-video-preview:-1"},"og_locale":"es_ES","og_type":"article","og_title":"Servicios - Centro de Conciliaci\u00f3n","og_description":"Servicios ofrecidos \u00c1reas de intervenci\u00f3n Civil y mercantil \u2713 Resoluci\u00f3n de contrato \u2713 Incumplimiento de contrato \u2713 Otorgamiento de escritura p\u00fablica \u2713 Rectificaci\u00f3n de \u00e1reas y linderos \u2713 Ofrecimiento de pago \u2713 Desalojo \u2713 Divisi\u00f3n y partici\u00f3n de bienes \u2713 Indemnizaci\u00f3n por da\u00f1os y perjuicios \u2713 Retracto \u2713 Petici\u00f3n de herencia \u2713 Interdicto de retener [&hellip;]","og_url":"https:\/\/centroelbiencomun.com\/index.php\/servicios\/","og_site_name":"Centro de Conciliaci\u00f3n","article_modified_time":"2025-09-18T19:00:54+00:00","twitter_card":"summary_large_image","twitter_misc":{"Tiempo de lectura":"1 minuto"},"schema":{"@context":"https:\/\/schema.org","@graph":[{"@type":"WebPage","@id":"https:\/\/centroelbiencomun.com\/index.php\/servicios\/","url":"https:\/\/centroelbiencomun.com\/index.php\/servicios\/","name":"Servicios - Centro de Conciliaci\u00f3n","isPartOf":{"@id":"https:\/\/centroelbiencomun.com\/#website"},"datePublished":"2022-10-29T19:12:33+00:00","dateModified":"2025-09-18T19:00:54+00:00","breadcrumb":{"@id":"https:\/\/centroelbiencomun.com\/index.php\/servicios\/#breadcrumb"},"inLanguage":"es","potentialAction":[{"@type":"ReadAction","target":["https:\/\/centroelbiencomun.com\/index.php\/servicios\/"]}]},{"@type":"BreadcrumbList","@id":"https:\/\/centroelbiencomun.com\/index.php\/servicios\/#breadcrumb","itemListElement":[{"@type":"ListItem","position":1,"name":"Portada","item":"https:\/\/centroelbiencomun.com\/"},{"@type":"ListItem","position":2,"name":"Servicios"}]},{"@type":"WebSite","@id":"https:\/\/centroelbiencomun.com\/#website","url":"https:\/\/centroelbiencomun.com\/","name":"Centro de Conciliaci\u00f3n","description":"El Bien Com\u00fan","publisher":{"@id":"https:\/\/centroelbiencomun.com\/#organization"},"potentialAction":[{"@type":"SearchAction","target":{"@type":"EntryPoint","urlTemplate":"https:\/\/centroelbiencomun.com\/?s={search_term_string}"},"query-input":"required name=search_term_string"}],"inLanguage":"es"},{"@type":"Organization","@id":"https:\/\/centroelbiencomun.com\/#organization","name":"Centro de Conciliaci\u00f3n","url":"https:\/\/centroelbiencomun.com\/","logo":{"@type":"ImageObject","inLanguage":"es","@id":"https:\/\/centroelbiencomun.com\/#\/schema\/logo\/image\/","url":"https:\/\/centroelbiencomun.com\/wp-content\/uploads\/2025\/06\/logotipo-elbiencomun.webp","contentUrl":"https:\/\/centroelbiencomun.com\/wp-content\/uploads\/2025\/06\/logotipo-elbiencomun.webp","width":514,"height":514,"caption":"Centro de Conciliaci\u00f3n"},"image":{"@id":"https:\/\/centroelbiencomun.com\/#\/schema\/logo\/image\/"}}]}},"_links":{"self":[{"href":"https:\/\/centroelbiencomun.com\/index.php\/wp-json\/wp\/v2\/pages\/93","targetHints":{"allow":["GET"]}}],"collection":[{"href":"https:\/\/centroelbiencomun.com\/index.php\/wp-json\/wp\/v2\/pages"}],"about":[{"href":"https:\/\/centroelbiencomun.com\/index.php\/wp-json\/wp\/v2\/types\/page"}],"author":[{"embeddable":true,"href":"https:\/\/centroelbiencomun.com\/index.php\/wp-json\/wp\/v2\/users\/1"}],"replies":[{"embeddable":true,"href":"https:\/\/centroelbiencomun.com\/index.php\/wp-json\/wp\/v2\/comments?post=93"}],"version-history":[{"count":61,"href":"https:\/\/centroelbiencomun.com\/index.php\/wp-json\/wp\/v2\/pages\/93\/revisions"}],"predecessor-version":[{"id":868,"href":"https:\/\/centroelbiencomun.com\/index.php\/wp-json\/wp\/v2\/pages\/93\/revisions\/868"}],"wp:attachment":[{"href":"https:\/\/centroelbiencomun.com\/index.php\/wp-json\/wp\/v2\/media?parent=93"}],"curies":[{"name":"wp","href":"https:\/\/api.w.org\/{rel}","templated":true}]}}